{"id":634,"date":"2020-12-09T17:44:15","date_gmt":"2020-12-09T17:44:15","guid":{"rendered":"https:\/\/expert-themes.com\/newwp\/sawmall\/?page_id=634"},"modified":"2025-04-21T02:11:38","modified_gmt":"2025-04-20T23:11:38","slug":"our-services","status":"publish","type":"page","link":"https:\/\/www.borudanismanlik.com.tr\/index.php\/our-services","title":{"rendered":"Hizmetlerimiz"},"content":{"rendered":"\t\t<div data-elementor-type=\"wp-page\" data-elementor-id=\"634\" class=\"elementor elementor-634\">\n\t\t\t\t\t\t<section class=\"elementor-section elementor-top-section elementor-element elementor-element-c304026 elementor-section-full_width elementor-section-height-default elementor-section-height-default\" data-id=\"c304026\" data-element_type=\"section\">\n\t\t\t\t\t\t<div class=\"elementor-container elementor-column-gap-default\">\n\t\t\t\t\t<div class=\"elementor-column elementor-col-100 elementor-top-column elementor-element elementor-element-f21413e\" data-id=\"f21413e\" data-element_type=\"column\">\n\t\t\t<div class=\"elementor-widget-wrap elementor-element-populated\">\n\t\t\t\t\t\t<div class=\"elementor-element elementor-element-fb94499 elementor-widget elementor-widget-sawmall_our_services_v2\" data-id=\"fb94499\" data-element_type=\"widget\" data-widget_type=\"sawmall_our_services_v2.default\">\n\t\t\t\t<div class=\"elementor-widget-container\">\n\t\t\t\t\t\r\n        <section class=\"services-page-section\">\r\n            <div class=\"auto-container\">\r\n                <div class=\"row clearfix\">\r\n                                        <!-- Services Block -->\r\n                    <div class=\"services-block col-lg-4 col-md-6 col-sm-12\">\r\n                        <div class=\"inner-box\">\r\n                            <div class=\"image\">\r\n                                \t\t\t\t\t\t\t\t<img fetchpriority=\"high\" decoding=\"async\" width=\"370\" height=\"470\" src=\"https:\/\/www.borudanismanlik.com.tr\/wp-content\/uploads\/2022\/10\/gebze-ozel-guvenlik-sirket-2022-16.jpg\" class=\"attachment-sawmall_370x470 size-sawmall_370x470 wp-post-image\" alt=\"\" srcset=\"https:\/\/www.borudanismanlik.com.tr\/wp-content\/uploads\/2022\/10\/gebze-ozel-guvenlik-sirket-2022-16.jpg 370w, https:\/\/www.borudanismanlik.com.tr\/wp-content\/uploads\/2022\/10\/gebze-ozel-guvenlik-sirket-2022-16-236x300.jpg 236w\" sizes=\"(max-width: 370px) 100vw, 370px\" \/>                                                                <!-- Overlay Box -->\r\n                                <div class=\"overlay-box\">\r\n                                    <div class=\"overlay-inner\">\r\n                                        <div class=\"content\">\r\n                                            <div class=\"icon fa fa-star\"><\/div>\r\n                                            <div class=\"text\">\u0130nsan Kaynaklar\u0131 Deste\u011fi G\u00fc\u00e7l\u00fc \u0130\u015f G\u00fcc\u00fcyle Y\u00fck\u00fcn\u00fcz\u00fc Hafifletiyoruz \u0130\u015f hayat\u0131; planlama, strateji, \u00fcretim ve operasyon s\u00fcre\u00e7leri kadar do\u011fru insan g\u00fcc\u00fcn\u00fc ...<\/div>\r\n                                            <a href=\"https:\/\/www.borudanismanlik.com.tr\/index.php\/sawmall_service\/insan-kaynaklari\" class=\"theme-btn btn-style-two\"><span class=\"txt\">Read More<\/span><\/a>\r\n                                        <\/div>\r\n                                    <\/div>\r\n                                <\/div>\r\n                            <\/div>\r\n                            <div class=\"lower-box\">\r\n                                <h3><a href=\"https:\/\/www.borudanismanlik.com.tr\/index.php\/sawmall_service\/insan-kaynaklari\">\u0130nsan Kaynaklar\u0131<\/a><\/h3>\r\n                            <\/div>\r\n                        <\/div>\r\n                    <\/div>\r\n                                        <!-- Services Block -->\r\n                    <div class=\"services-block col-lg-4 col-md-6 col-sm-12\">\r\n                        <div class=\"inner-box\">\r\n                            <div class=\"image\">\r\n                                \t\t\t\t\t\t\t\t<img decoding=\"async\" width=\"370\" height=\"470\" src=\"https:\/\/www.borudanismanlik.com.tr\/wp-content\/uploads\/2022\/10\/kariyer-danismanlik-banner-211-370x470.jpg\" class=\"attachment-sawmall_370x470 size-sawmall_370x470 wp-post-image\" alt=\"\" \/>                                                                <!-- Overlay Box -->\r\n                                <div class=\"overlay-box\">\r\n                                    <div class=\"overlay-inner\">\r\n                                        <div class=\"content\">\r\n                                            <div class=\"icon fa fa-star\"><\/div>\r\n                                            <div class=\"text\">Bordrolama Hizmeti Evrak \u0130\u015fleri Bizde, Siz As\u0131l \u0130\u015finize Odaklan\u0131n \u201cEvrak i\u015fleri\u201d deyince bir duraksad\u0131n\u0131z de\u011fil mi? Hakl\u0131s\u0131n\u0131z. Bordro, tahakkuk, yasal ...<\/div>\r\n                                            <a href=\"https:\/\/www.borudanismanlik.com.tr\/index.php\/sawmall_service\/bordrolama\" class=\"theme-btn btn-style-two\"><span class=\"txt\">Read More<\/span><\/a>\r\n                                        <\/div>\r\n                                    <\/div>\r\n                                <\/div>\r\n                            <\/div>\r\n                            <div class=\"lower-box\">\r\n                                <h3><a href=\"https:\/\/www.borudanismanlik.com.tr\/index.php\/sawmall_service\/bordrolama\">Bordrolama<\/a><\/h3>\r\n                            <\/div>\r\n                        <\/div>\r\n                    <\/div>\r\n                                        <!-- Services Block -->\r\n                    <div class=\"services-block col-lg-4 col-md-6 col-sm-12\">\r\n                        <div class=\"inner-box\">\r\n                            <div class=\"image\">\r\n                                \t\t\t\t\t\t\t\t<img decoding=\"async\" width=\"370\" height=\"470\" src=\"https:\/\/www.borudanismanlik.com.tr\/wp-content\/uploads\/2022\/10\/kariyer-danismanlik-banner-312-370x470.jpg\" class=\"attachment-sawmall_370x470 size-sawmall_370x470 wp-post-image\" alt=\"\" \/>                                                                <!-- Overlay Box -->\r\n                                <div class=\"overlay-box\">\r\n                                    <div class=\"overlay-inner\">\r\n                                        <div class=\"content\">\r\n                                            <div class=\"icon fa fa-star\"><\/div>\r\n                                            <div class=\"text\">B\u00d6R\u00dc \u0130NSANKAYNAKLARI VE DANI\u015eMANLIK A.\u015e. Do\u011fru \u0130nsan Kayna\u011f\u0131yla, Gelece\u011fi Birlikte \u015eekillendiriyoruz B\u00d6R\u00dc \u0130NSANKAYNAKLARI VE DANI\u015eMANLIK A.\u015e. olarak, insan kaynaklar\u0131n\u0131n yaln\u0131zca ...<\/div>\r\n                                            <a href=\"https:\/\/www.borudanismanlik.com.tr\/index.php\/sawmall_service\/general-carpentry\" class=\"theme-btn btn-style-two\"><span class=\"txt\">Read More<\/span><\/a>\r\n                                        <\/div>\r\n                                    <\/div>\r\n                                <\/div>\r\n                            <\/div>\r\n                            <div class=\"lower-box\">\r\n                                <h3><a href=\"https:\/\/www.borudanismanlik.com.tr\/index.php\/sawmall_service\/general-carpentry\">Personel Temini<\/a><\/h3>\r\n                            <\/div>\r\n                        <\/div>\r\n                    <\/div>\r\n                                        <!-- Services Block -->\r\n                    <div class=\"services-block col-lg-4 col-md-6 col-sm-12\">\r\n                        <div class=\"inner-box\">\r\n                            <div class=\"image\">\r\n                                \t\t\t\t\t\t\t\t<img loading=\"lazy\" decoding=\"async\" width=\"370\" height=\"470\" src=\"https:\/\/www.borudanismanlik.com.tr\/wp-content\/uploads\/2022\/10\/kariyer-danismanlik-banner-2221-370x470.jpg\" class=\"attachment-sawmall_370x470 size-sawmall_370x470 wp-post-image\" alt=\"\" \/>                                                                <!-- Overlay Box -->\r\n                                <div class=\"overlay-box\">\r\n                                    <div class=\"overlay-inner\">\r\n                                        <div class=\"content\">\r\n                                            <div class=\"icon fa fa-star\"><\/div>\r\n                                            <div class=\"text\">Profesyonel Temizlik Hizmeti ile Hijyenik Alanlar, Mutlu \u0130nsanlar Temizlik; yaln\u0131zca g\u00f6rsel bir ihtiya\u00e7 de\u011fil, ayn\u0131 zamanda sa\u011fl\u0131k, verimlilik ve profesyonel ...<\/div>\r\n                                            <a href=\"https:\/\/www.borudanismanlik.com.tr\/index.php\/sawmall_service\/temizlik-hizmetleri\" class=\"theme-btn btn-style-two\"><span class=\"txt\">Read More<\/span><\/a>\r\n                                        <\/div>\r\n                                    <\/div>\r\n                                <\/div>\r\n                            <\/div>\r\n                            <div class=\"lower-box\">\r\n                                <h3><a href=\"https:\/\/www.borudanismanlik.com.tr\/index.php\/sawmall_service\/temizlik-hizmetleri\">Temizlik Hizmetleri<\/a><\/h3>\r\n                            <\/div>\r\n                        <\/div>\r\n                    <\/div>\r\n                                    <\/div>\r\n            <\/div>\r\n        <\/section>\r\n        \r\n        \t\t<\/div>\n\t\t\t\t<\/div>\n\t\t\t\t\t<\/div>\n\t\t<\/div>\n\t\t\t\t\t<\/div>\n\t\t<\/section>\n\t\t\t\t<\/div>\n\t\t","protected":false},"excerpt":{"rendered":"<p>\u0130nsan Kaynaklar\u0131 Deste\u011fi G\u00fc\u00e7l\u00fc \u0130\u015f G\u00fcc\u00fcyle Y\u00fck\u00fcn\u00fcz\u00fc Hafifletiyoruz \u0130\u015f hayat\u0131; planlama, strateji, \u00fcretim ve operasyon s\u00fcre\u00e7leri kadar do\u011fru insan g\u00fcc\u00fcn\u00fc bulabilmeyi de gerektirir. Biz, KAR\u0130YER DANI\u015eMANLIK L\u0130M\u0130TED \u015e\u0130RKET\u0130 olarak, i\u015finizin her a\u015famas\u0131nda ihtiya\u00e7 duydu\u011funuz kadrolu veya d\u00f6nemsel personel temini ile yan\u0131n\u0131zday\u0131z. Yo\u011fun temponuzun, \u00fcstlendi\u011finiz sorumluluklar\u0131n ve ta\u015f\u0131makta oldu\u011funuz i\u015f y\u00fck\u00fcn\u00fcn fark\u0131nday\u0131z. Bu nedenle yaln\u0131zca personel [&hellip;]<\/p>\n","protected":false},"author":1,"featured_media":0,"parent":0,"menu_order":0,"comment_status":"closed","ping_status":"closed","template":"tpl-default-elementor.php","meta":{"footnotes":""},"class_list":["post-634","page","type-page","status-publish","hentry"],"_links":{"self":[{"href":"https:\/\/www.borudanismanlik.com.tr\/index.php\/wp-json\/wp\/v2\/pages\/634","targetHints":{"allow":["GET"]}}],"collection":[{"href":"https:\/\/www.borudanismanlik.com.tr\/index.php\/wp-json\/wp\/v2\/pages"}],"about":[{"href":"https:\/\/www.borudanismanlik.com.tr\/index.php\/wp-json\/wp\/v2\/types\/page"}],"author":[{"embeddable":true,"href":"https:\/\/www.borudanismanlik.com.tr\/index.php\/wp-json\/wp\/v2\/users\/1"}],"replies":[{"embeddable":true,"href":"https:\/\/www.borudanismanlik.com.tr\/index.php\/wp-json\/wp\/v2\/comments?post=634"}],"version-history":[{"count":6,"href":"https:\/\/www.borudanismanlik.com.tr\/index.php\/wp-json\/wp\/v2\/pages\/634\/revisions"}],"predecessor-version":[{"id":13931,"href":"https:\/\/www.borudanismanlik.com.tr\/index.php\/wp-json\/wp\/v2\/pages\/634\/revisions\/13931"}],"wp:attachment":[{"href":"https:\/\/www.borudanismanlik.com.tr\/index.php\/wp-json\/wp\/v2\/media?parent=634"}],"curies":[{"name":"wp","href":"https:\/\/api.w.org\/{rel}","templated":true}]}}