{"id":1342,"date":"2022-10-24T16:34:59","date_gmt":"2022-10-24T13:34:59","guid":{"rendered":"https:\/\/www.isabetgrup.com.tr\/?page_id=1342"},"modified":"2025-11-16T17:02:25","modified_gmt":"2025-11-16T14:02:25","slug":"kvkk-bilgi","status":"publish","type":"page","link":"https:\/\/www.borudanismanlik.com.tr\/index.php\/kvkk-bilgi","title":{"rendered":"KVKK Bilgi"},"content":{"rendered":"<h2>B\u00d6R\u00dc \u0130NSANKAYNAKLARI VE DANI\u015eMANLIK A.\u015e. K\u0130\u015e\u0130SEL VER\u0130LER\u0130N KORUNMASI POL\u0130T\u0130KASI<\/h2>\n<p>6698 say\u0131l\u0131 Ki\u015fisel Verilerin Korunmas\u0131 Kanunu (\u201cKVKK\u201d) uyar\u0131nca, \u015eirketimiz taraf\u0131ndan, Veri Sorumlusu s\u0131fat\u0131yla, ki\u015fisel verileriniz, i\u015f ama\u00e7lar\u0131yla ba\u011fl\u0131 olarak, a\u015fa\u011f\u0131da a\u00e7\u0131kland\u0131\u011f\u0131 \u00e7er\u00e7evede kullan\u0131lmak, kaydedilmek, saklanmak, g\u00fcncellenmek, aktar\u0131lmak ve\/veya s\u0131n\u0131fland\u0131r\u0131lmak suretiyle i\u015flenecektir. \u00a0Bu kapsamda \u015eirketimiz taraf\u0131ndan ba\u015fta \u00f6zel hayat\u0131n gizlili\u011fi olmak \u00fczere, ki\u015filerin temel hak ve \u00f6zg\u00fcrl\u00fcklerini korumak ve ki\u015fisel verilerin korunmas\u0131 amac\u0131yla d\u00fczenlenen Kanun ve Y\u00f6netmelikler gere\u011fince \u015eirketimiz, ki\u015fisel verilerinizin hukuka ayk\u0131r\u0131 olarak i\u015flenmesini \u00f6nleme, hukuka ayk\u0131r\u0131 olarak eri\u015filmesini \u00f6nleme ve muhafazas\u0131n\u0131 sa\u011flama amac\u0131yla, uygun g\u00fcvenlik d\u00fczeyini temin etmeye y\u00f6nelik t\u00fcm teknik ve idari tedbirleri almaktad\u0131r.<\/p>\n<p>&nbsp;<\/p>\n<p>Bu metnin hedef kitlesi, \u015eirketimiz \u00e7al\u0131\u015fanlar\u0131 veya \u015eirketimize i\u015f ba\u015fvurusu yapm\u0131\u015f olan \u00e7al\u0131\u015fan adaylar\u0131 d\u0131\u015f\u0131ndaki, \u015eirketimiz taraf\u0131ndan ki\u015fisel verileri i\u015flenen t\u00fcm ger\u00e7ek ki\u015filerdir.<\/p>\n<p>&nbsp;<\/p>\n<p>Veri sorumlusu s\u0131fat\u0131yla i\u015flenen ki\u015fisel verilere, burada belirtilenlerle s\u0131n\u0131rl\u0131 say\u0131da olmamak \u00fczere a\u015fa\u011f\u0131da yer verilmektedir;<\/p>\n<p>\u0130sim, soy isim, T.C. kimlik numaras\u0131, adres, telefon numaras\u0131, e-posta adresi, imza, fiziksel mekan\/g\u00fcvenlik g\u00f6r\u00fcnt\u00fc kayd\u0131, \u00e7a\u011fr\u0131 merkezi\/hizmet kalitesi ses kayd\u0131, banka hesap numaras\u0131, cookie kay\u0131tlar\u0131<\/p>\n<p>&nbsp;<\/p>\n<p><strong>Ki\u015fisel verilerin i\u015flenme ama\u00e7lar\u0131 ve hukuki sebepleri<\/strong>; Taraf\u0131n\u0131zca payla\u015f\u0131lan ki\u015fisel verileriniz;<\/p>\n<ul>\n<li>\u015eirketimiz taraf\u0131ndan sunulan \u00fcr\u00fcn ve hizmetlerden sizleri ve\/veya temsil etti\u011finiz kurum ve kurulu\u015flar\u0131 faydaland\u0131rmak i\u00e7in, \u015eirketimizin ticari ve i\u015f stratejilerinin belirlenmesi ve uygulanmas\u0131, pazarlama faaliyetlerinin yap\u0131lmas\u0131, i\u015f geli\u015ftirme ve planlama faaliyetlerinin ger\u00e7ekle\u015ftirilmesi dahil ve fakat bunlarla s\u0131n\u0131rl\u0131 olmamak \u00fczere gerekli \u00e7al\u0131\u015fmalar\u0131n y\u00fcr\u00fct\u00fclmesi,<\/li>\n<li>\u015eirketimiz taraf\u0131ndan y\u00fcr\u00fct\u00fclen ileti\u015fime y\u00f6nelik idari operasyonlar\u0131n y\u00fcr\u00fct\u00fclmesi,<\/li>\n<li>\u015eirketimizin kullan\u0131mda olan lokasyonlar\u0131n fiziksel g\u00fcvenli\u011finin ve denetiminin sa\u011flanmas\u0131,<\/li>\n<li>\u0130\u015f orta\u011f\u0131\/m\u00fc\u015fteri\/tedarik\u00e7i (yetkili veya \u00e7al\u0131\u015fanlar\u0131) ili\u015fkilerinin kurulmas\u0131,<\/li>\n<li>\u0130\u015f ortaklar\u0131m\u0131z, tedarik\u00e7ilerimiz veya sair \u00fc\u00e7\u00fcnc\u00fc ki\u015filerle birlikte sunulan \u00fcr\u00fcn ve hizmetlere ili\u015fkin s\u00f6zle\u015fme gereklerinin ve finansal mutabakat\u0131n sa\u011flanmas\u0131,<\/li>\n<li>\u015eirketimizin insan kaynaklar\u0131 politikalar\u0131n\u0131n y\u00fcr\u00fct\u00fclmesi,<\/li>\n<li>\u015eirketimizin \u00e7a\u011fr\u0131 merkezinin aranmas\u0131 veya internet sayfas\u0131n\u0131n kullan\u0131lmas\u0131<\/li>\n<\/ul>\n<p>ve\/veya<\/p>\n<ul>\n<li>\u015eirketimizin d\u00fczenledi\u011fi e\u011fitim, seminer veya organizasyonlara kat\u0131l\u0131m sa\u011flanmas\u0131 amac\u0131yla i\u015flenecektir.<\/li>\n<\/ul>\n<p><strong>Ki\u015fisel verilerin toplanma ve saklanma y\u00f6ntemi<\/strong>; \u015eirketimizle payla\u015ft\u0131\u011f\u0131n\u0131z ki\u015fisel verileriniz, otomatik ya da otomatik olmayan y\u00f6ntemlerle, ofisler, \u015fubeler, \u00e7a\u011fr\u0131 merkezi, internet sitesi, sosyal medya mecralar\u0131, mobil uygulamalar ve benzeri vas\u0131talarla s\u00f6zl\u00fc, yaz\u0131l\u0131 ya da elektronik olarak toplanabilir. Ki\u015fisel verileriniz elektronik ve\/veya fiziksel ortamlarda saklanacakt\u0131r. \u015eirketimiz taraf\u0131ndan temin edilen ve saklanan ki\u015fisel verilerinizin sakland\u0131klar\u0131 ortamlarda yetkisiz eri\u015fime maruz kalmamalar\u0131, manip\u00fclasyona u\u011framamalar\u0131, kaybolmamalar\u0131 ve zarar g\u00f6rmemeleri amac\u0131yla gereken i\u015f s\u00fcre\u00e7lerinin tasar\u0131m\u0131 ile teknik g\u00fcvenlik altyap\u0131 geli\u015ftirmeleri uygulanmaktad\u0131r.<\/p>\n<p>Ki\u015fisel verileriniz, size bildirilen ama\u00e7lar ve kapsam d\u0131\u015f\u0131nda kullan\u0131lmamak kayd\u0131 ile gerekli t\u00fcm bilgi g\u00fcvenli\u011fi tedbirleri de al\u0131narak i\u015flenecek ve yasal saklama s\u00fcresince veya b\u00f6yle bir s\u00fcre \u00f6ng\u00f6r\u00fclmemi\u015fse i\u015fleme amac\u0131n\u0131n gerekli k\u0131ld\u0131\u011f\u0131 s\u00fcre boyunca saklanacak ve i\u015flenecektir. Bu s\u00fcre sona erdi\u011finde, ki\u015fisel verileriniz silinme, yok edilme ya da anonimle\u015ftirme y\u00f6ntemleri ile \u015eirketimizin veri ak\u0131\u015flar\u0131ndan \u00e7\u0131kar\u0131lacakt\u0131r.<\/p>\n<p>&nbsp;<\/p>\n<p><strong>Ki\u015fisel Verilerin aktar\u0131lmas\u0131<\/strong>;<\/p>\n<p>Ki\u015fisel verileriniz, Kanunlar ve sair mevzuat kapsam\u0131nda ve a\u00e7\u0131klanan ama\u00e7larla;<\/p>\n<ul>\n<li>T\u00fcrk Telekom\u00fcnikasyon A.\u015e. ve T\u00fcrk Telekom\u00fcnikasyon grup \u015firketlerine,<\/li>\n<li>Yetki vermi\u015f oldu\u011fumuz, \u015eirketimiz nam ve hesab\u0131na faaliyette bulunan \u015firketler, temsilcilerimize,<\/li>\n<li>D\u00fczenleyici ve denetleyici kurumlara, ki\u015fisel verilerinizi tabi oldu\u011fu kanunlar\u0131nda a\u00e7\u0131k\u00e7a talep etmeye yetkili olan kamu kurum veya kurulu\u015flara,<\/li>\n<li>Belirtilen ama\u00e7lar kapsam\u0131nda i\u015f ortakl\u0131klar\u0131, tedarik\u00e7i ve y\u00fcklenici \u015firketler, bankalar, kredi risk ve finans kurulu\u015flar\u0131 ve sair ger\u00e7ek veya t\u00fczel ki\u015filere,<\/li>\n<li>Vergi ve benzeri dan\u0131\u015fmanlara, yasal takip s\u00fcre\u00e7leri ile ilgili zorunlu ki\u015filere, kurum ve kurulu\u015flara ve denetimciler de d\u00e2hil olmak \u00fczere dan\u0131\u015fmanl\u0131k ald\u0131\u011f\u0131m\u0131z \u00fc\u00e7\u00fcnc\u00fc ki\u015filere ve bunlarla s\u0131n\u0131rl\u0131 olmaks\u0131z\u0131n, yurt i\u00e7inde ve yurt d\u0131\u015f\u0131nda, yukar\u0131da belirtilen ama\u00e7larla i\u015f ortaklar\u0131, hizmet al\u0131nan \u00fc\u00e7\u00fcnc\u00fc ki\u015fi, yetkilendirilen ki\u015fi ve kurulu\u015flara aktar\u0131labilecektir.<\/li>\n<\/ul>\n<p><strong>KVKK\u2019n\u0131n 11. maddesi gere\u011fi haklar\u0131n\u0131z<\/strong>; \u015eirketimize ba\u015fvurarak, ki\u015fisel verilerinizin;<\/p>\n<ol>\n<li>\u0130\u015flenip i\u015flenmedi\u011fini \u00f6\u011frenme,<\/li>\n<li>\u0130\u015flenmi\u015fse bilgi talep etme,<\/li>\n<li>\u0130\u015flenme amac\u0131n\u0131 ve amac\u0131na uygun kullan\u0131l\u0131p kullan\u0131lmad\u0131\u011f\u0131n\u0131 \u00f6\u011frenme,<\/li>\n<li>Yurt i\u00e7inde \/ yurt d\u0131\u015f\u0131nda aktar\u0131ld\u0131\u011f\u0131 3. ki\u015fileri bilme,<\/li>\n<li>Eksik \/ yanl\u0131\u015f i\u015flenmi\u015fse d\u00fczeltilmesini isteme,<\/li>\n<li>KVKK\u2019n\u0131n 7. maddesinde \u00f6ng\u00f6r\u00fclen \u015fartlar \u00e7er\u00e7evesinde silinmesini \/ yok edilmesini isteme,<\/li>\n<li>Aktar\u0131ld\u0131\u011f\u0131 3. ki\u015filere yukar\u0131da say\u0131lan (e) ve (f) bentleri uyar\u0131nca yap\u0131lan i\u015flemlerin bildirilmesini isteme,<\/li>\n<li>M\u00fcnhas\u0131ran otomatik sistemler ile analiz edilmesi nedeniyle aleyhinize bir sonucun ortaya \u00e7\u0131kmas\u0131na itiraz etme,<\/li>\n<li>Kanuna ayk\u0131r\u0131 olarak i\u015flenmesi sebebiyle zarara u\u011framan\u0131z h\u00e2linde zarar\u0131n giderilmesini talep etme haklar\u0131na sahipsiniz.<\/li>\n<\/ol>\n<p>KVK Kanunu\u2019nun 13. maddesinin 1. f\u0131kras\u0131 gere\u011fince, yukar\u0131da belirtilen haklar\u0131n\u0131z\u0131 kullanmak ile ilgili talebinizi, yaz\u0131l\u0131 olarak veya Ki\u015fisel Verileri Koruma Kurulu\u2019nun belirledi\u011fi di\u011fer y\u00f6ntemlerle \u015eirketimize iletebilirsiniz.<\/p>\n<p>&nbsp;<\/p>\n<p>Yukar\u0131da belirtilen haklar\u0131n\u0131z\u0131 kullanmak i\u00e7in kimli\u011finizi tespit edici gerekli bilgiler ile talep dilek\u00e7enizi bizzat elden teslim edebilir, noter kanal\u0131yla veya Ki\u015fisel Verileri Koruma Kurulu taraf\u0131ndan belirlenen di\u011fer y\u00f6ntemler ile g\u00f6nderebilir veya <a href=\"mailto:info@borudanismanlik.com.tr\">info@borudanismanlik.com.tr<\/a> adresine g\u00fcvenli elektronik imzal\u0131 olarak iletebilirsiniz.<\/p>\n","protected":false},"excerpt":{"rendered":"<p>B\u00d6R\u00dc \u0130NSANKAYNAKLARI VE DANI\u015eMANLIK A.\u015e. K\u0130\u015e\u0130SEL VER\u0130LER\u0130N KORUNMASI POL\u0130T\u0130KASI 6698 say\u0131l\u0131 Ki\u015fisel Verilerin Korunmas\u0131 Kanunu (\u201cKVKK\u201d) uyar\u0131nca, \u015eirketimiz taraf\u0131ndan, Veri Sorumlusu s\u0131fat\u0131yla, ki\u015fisel verileriniz, i\u015f ama\u00e7lar\u0131yla ba\u011fl\u0131 olarak, a\u015fa\u011f\u0131da a\u00e7\u0131kland\u0131\u011f\u0131 \u00e7er\u00e7evede kullan\u0131lmak, kaydedilmek, saklanmak, g\u00fcncellenmek, aktar\u0131lmak ve\/veya s\u0131n\u0131fland\u0131r\u0131lmak suretiyle i\u015flenecektir. \u00a0Bu kapsamda \u015eirketimiz taraf\u0131ndan ba\u015fta \u00f6zel hayat\u0131n gizlili\u011fi olmak \u00fczere, ki\u015filerin temel hak ve \u00f6zg\u00fcrl\u00fcklerini [&hellip;]<\/p>\n","protected":false},"author":1,"featured_media":0,"parent":0,"menu_order":0,"comment_status":"closed","ping_status":"closed","template":"","meta":{"footnotes":""},"class_list":["post-1342","page","type-page","status-publish","hentry"],"_links":{"self":[{"href":"https:\/\/www.borudanismanlik.com.tr\/index.php\/wp-json\/wp\/v2\/pages\/1342","targetHints":{"allow":["GET"]}}],"collection":[{"href":"https:\/\/www.borudanismanlik.com.tr\/index.php\/wp-json\/wp\/v2\/pages"}],"about":[{"href":"https:\/\/www.borudanismanlik.com.tr\/index.php\/wp-json\/wp\/v2\/types\/page"}],"author":[{"embeddable":true,"href":"https:\/\/www.borudanismanlik.com.tr\/index.php\/wp-json\/wp\/v2\/users\/1"}],"replies":[{"embeddable":true,"href":"https:\/\/www.borudanismanlik.com.tr\/index.php\/wp-json\/wp\/v2\/comments?post=1342"}],"version-history":[{"count":5,"href":"https:\/\/www.borudanismanlik.com.tr\/index.php\/wp-json\/wp\/v2\/pages\/1342\/revisions"}],"predecessor-version":[{"id":13978,"href":"https:\/\/www.borudanismanlik.com.tr\/index.php\/wp-json\/wp\/v2\/pages\/1342\/revisions\/13978"}],"wp:attachment":[{"href":"https:\/\/www.borudanismanlik.com.tr\/index.php\/wp-json\/wp\/v2\/media?parent=1342"}],"curies":[{"name":"wp","href":"https:\/\/api.w.org\/{rel}","templated":true}]}}